{"id":705,"date":"2025-06-02T17:17:00","date_gmt":"2025-06-02T23:17:00","guid":{"rendered":"https:\/\/www.kirtonmcconkie.com\/km\/?page_id=705"},"modified":"2025-09-17T10:00:30","modified_gmt":"2025-09-17T16:00:30","slug":"benefits","status":"publish","type":"page","link":"https:\/\/www.kirtonmcconkie.com\/es\/work-with-us\/benefits\/","title":{"rendered":"Benefits"},"content":{"rendered":"<style>\n    @media screen and (min-width: 768px) {\n        #hero-6a01e65b85ffd .background-image  {\n            min-height: 500px;\n        }\n    }\n<\/style>\n\n<div id=\"hero-6a01e65b85ffd\" class=\"epic-hero-banner  mb-30 mb-md-140\">\n        <div class=\"background-image  content-padding\" style=\"background-image: url(https:\/\/www.kirtonmcconkie.com\/wp-content\/uploads\/2025\/07\/km_25_woman-sitting.webp);justify-content: center; \">\n                                    <div class=\"content frame\" style=\"align-items: flex-start;\">\n                <h2 class=\"text h1 canela animate fade-up\" style=\"color: #ffffff\">\n                    Empleos                <\/h2>\n                            <\/div>\n                        <\/div>\n<\/div>\n\n\n\n<div class=\"wp-block-group is-layout-constrained wp-block-group-is-layout-constrained\">\n<h1 class=\"epic-heading h4 text-left animate fade-up metropolis  mb-60\" style=\"color:#ded8d0;transition-delay: 100ms;font-weight:200;\">\n    Beneficios para empleados en Kirton McConkie: apoyamos su bienestar y su \u00e9xito<\/h1>\n\n\n<h6 class=\"epic-heading h6 text-left animate fade-up metropolis\" style=\"color:#DED8D0;transition-delay: 100ms;font-weight:300;\">\n    En Kirton McConkie, apoyamos a los profesionales del derecho con una remuneraci\u00f3n competitiva, prestaciones sanitarias y programas de bienestar. Las prestaciones para nuestros empleados incluyen una remuneraci\u00f3n competitiva, plan de pensiones 401(k), un generoso seguro m\u00e9dico y programas de bienestar. Tanto si es usted abogado, asistente legal o forma parte de nuestro personal administrativo, nuestro bufete de abogados ofrece una cultura laboral solidaria, recursos de bienestar y desarrollo profesional tanto para los abogados como para el personal.\r\nDescubra las prestaciones para abogados y personal de uno de los mejores bufetes de abogados de Utah para trabajar.<\/h6>\n\n\n<div class=\"wp-block-group is-nowrap is-layout-flex wp-container-core-group-is-layout-c9a8b535 wp-block-group-is-layout-flex\" style=\"padding-top:0;padding-right:0;padding-bottom:0;padding-left:0\"><div class=\"epic-button-wrapper text-left  animate fade-up\" style=\"transition-delay: 100ms; display: block;\">\n    <a class=\"epic-button\" href=\"https:\/\/kmclaw.isolvedhire.com\/jobs\/\" style=\"color: #DED8D0;\">VER PUESTOS VACANTES<\/a>\n<\/div><\/div>\n<\/div>\n\n\n<div class=\"mt-50 mb-50 mt-md-140 mb-md-140\" style=\"\">\n    <hr class=\"animate grow-right\"  \/>\n<\/div>\n\n\n<div class=\"wp-block-group is-layout-constrained wp-block-group-is-layout-constrained\">\n<h5 class=\"epic-heading h5 text-left animate fade-up metropolis  mb-20\" style=\"color:#DED8D0;transition-delay: 100ms;font-weight:300;\">\n    Nuestras ventajas competitivas<\/h5><\/div>\n\n\n\n<div class=\"wp-block-group is-nowrap is-layout-flex wp-container-core-group-is-layout-ad2f72ca wp-block-group-is-layout-flex\">\n<div style=\"height:100px;width:0px\" aria-hidden=\"true\" class=\"wp-block-spacer wp-container-content-dc435e0d\"><\/div>\n\n\n\n<div class=\"wp-block-group is-layout-constrained wp-block-group-is-layout-constrained\"><style>\n    #paragraph-6a01e65b895db, #paragraph-6a01e65b895db p{\n        font-size: 16px;\n    }\n<\/style>\n<div id=\"paragraph-6a01e65b895db\" class=\"epic-paragraph text-left  animate fade-up\" style=\"color: #DED8D0; transition-delay:80ms;\"><p>Almuerzos mensuales para el personal preparados por chefs y restaurantes locales.<\/p>\n<\/div>\n\n<div class=\"\" style=\"width:100%\">\n    <hr class=\"animate grow-right\"  \/>\n<\/div>\n\n<style>\n    #paragraph-6a01e65b89aa5, #paragraph-6a01e65b89aa5 p{\n        font-size: 16px;\n    }\n<\/style>\n<div id=\"paragraph-6a01e65b89aa5\" class=\"epic-paragraph text-left  animate fade-up\" style=\"color: #DED8D0; transition-delay:80ms;\"><p>Jeans los viernes<\/p>\n<\/div>\n\n<div class=\"\" style=\"width:100%\">\n    <hr class=\"animate grow-right\"  \/>\n<\/div>\n\n<style>\n    #paragraph-6a01e65b89f10, #paragraph-6a01e65b89f10 p{\n        font-size: 16px;\n    }\n<\/style>\n<div id=\"paragraph-6a01e65b89f10\" class=\"epic-paragraph text-left  animate fade-up\" style=\"color: #DED8D0; transition-delay:80ms;\"><p>Aperitivos, refrescos, dulces y fruta gratis.<\/p>\n<\/div>\n\n<div class=\"\" style=\"width:100%\">\n    <hr class=\"animate grow-right\"  \/>\n<\/div>\n\n<style>\n    #paragraph-6a01e65b8a2e7, #paragraph-6a01e65b8a2e7 p{\n        font-size: 16px;\n    }\n<\/style>\n<div id=\"paragraph-6a01e65b8a2e7\" class=\"epic-paragraph text-left  animate fade-up\" style=\"color: #DED8D0; transition-delay:80ms;\"><p>Estacionamiento gratuito en todas nuestras ubicaciones o un pase UTA gratuito.<\/p>\n<\/div>\n\n<div class=\"\" style=\"width:100%\">\n    <hr class=\"animate grow-right\"  \/>\n<\/div>\n\n<style>\n    #paragraph-6a01e65b8a6f0, #paragraph-6a01e65b8a6f0 p{\n        font-size: 16px;\n    }\n<\/style>\n<div id=\"paragraph-6a01e65b8a6f0\" class=\"epic-paragraph text-left  animate fade-up\" style=\"color: #DED8D0; transition-delay:80ms;\"><p>Patrocinio anual del D\u00eda de la Ley 5K para empleados y sus familias, con camisetas de regalo para los participantes y pa\u00f1uelos para las mascotas.<\/p>\n<\/div>\n\n<div class=\"\" style=\"width:100%\">\n    <hr class=\"animate grow-right\"  \/>\n<\/div>\n\n<style>\n    #paragraph-6a01e65b8aaf2, #paragraph-6a01e65b8aaf2 p{\n        font-size: 16px;\n    }\n<\/style>\n<div id=\"paragraph-6a01e65b8aaf2\" class=\"epic-paragraph text-left  animate fade-up\" style=\"color: #DED8D0; transition-delay:80ms;\"><p>Fiestas de verano para que disfrute toda la familia en lugares divertidos con excelente comida, bebidas, golosinas y regalos.<\/p>\n<\/div>\n\n<div class=\"\" style=\"width:100%\">\n    <hr class=\"animate grow-right\"  \/>\n<\/div>\n\n<style>\n    #paragraph-6a01e65b8ae80, #paragraph-6a01e65b8ae80 p{\n        font-size: 16px;\n    }\n<\/style>\n<div id=\"paragraph-6a01e65b8ae80\" class=\"epic-paragraph text-left  animate fade-up\" style=\"color: #DED8D0; transition-delay:80ms;\"><p>Organiz\u00f3 celebraciones navide\u00f1as en cada oficina con comida y diversi\u00f3n para los empleados e invitados.<\/p>\n<\/div>\n\n<div class=\"\" style=\"width:100%\">\n    <hr class=\"animate grow-right\"  \/>\n<\/div>\n\n<style>\n    #paragraph-6a01e65b8b229, #paragraph-6a01e65b8b229 p{\n        font-size: 16px;\n    }\n<\/style>\n<div id=\"paragraph-6a01e65b8b229\" class=\"epic-paragraph text-left  animate fade-up\" style=\"color: #DED8D0; transition-delay:80ms;\"><p>Bonificaci\u00f3n de fin de a\u00f1o basada en el desempe\u00f1o<\/p>\n<\/div><\/div>\n<\/div>\n\n\n<div class=\"mt-50 mb-50 mt-md-140 mb-md-140\" style=\"\">\n    <hr class=\"animate grow-right\"  \/>\n<\/div>\n\n\n<div class=\"wp-block-group is-layout-constrained wp-block-group-is-layout-constrained\">\n<h5 class=\"epic-heading h5 text-left animate fade-up metropolis\" style=\"color:#DED8D0;transition-delay: 100ms;font-weight:300;\">\n    Beneficios para la salud y el bienestar<\/h5>\n\n<style>\n    #paragraph-6a01e65b8bacd, #paragraph-6a01e65b8bacd p{\n        font-size: 16px;\n    }\n<\/style>\n<div id=\"paragraph-6a01e65b8bacd\" class=\"epic-paragraph text-left  animate fade-up mb-50 mb-md-140\" style=\"color: #DED8D0; transition-delay:80ms;\"><p>Nos comprometemos con la salud y el bienestar de cada uno de nuestros empleados. Esta es una de las muchas razones por las que nuestros empleados permanecen con nosotros durante tantos a\u00f1os. Nuestros beneficios incluyen*:<\/p>\n<\/div><\/div>\n\n\n\n<div class=\"wp-block-group is-nowrap is-layout-flex wp-container-core-group-is-layout-ad2f72ca wp-block-group-is-layout-flex\">\n<div style=\"height:100px;width:0px\" aria-hidden=\"true\" class=\"wp-block-spacer wp-container-content-dc435e0d\"><\/div>\n\n\n\n<div class=\"wp-block-group is-layout-constrained wp-block-group-is-layout-constrained\"><style>\n    #paragraph-6a01e65b8be6c, #paragraph-6a01e65b8be6c p{\n        font-size: 16px;\n    }\n<\/style>\n<div id=\"paragraph-6a01e65b8be6c\" class=\"epic-paragraph text-left  animate fade-up\" style=\"color: #DED8D0; transition-delay:80ms;\"><p>La empresa paga 851 000 210 d\u00f3lares de la prima del seguro m\u00e9dico de los empleados y sus familias, y ofrece opciones tradicionales y con deducibles elevados con cuentas de ahorro FSA y HSA asociadas.<\/p>\n<\/div>\n\n<div class=\"\" style=\"width:100%\">\n    <hr class=\"animate grow-right\"  \/>\n<\/div>\n\n<style>\n    #paragraph-6a01e65b8c1b7, #paragraph-6a01e65b8c1b7 p{\n        font-size: 16px;\n    }\n<\/style>\n<div id=\"paragraph-6a01e65b8c1b7\" class=\"epic-paragraph text-left  animate fade-up\" style=\"color: #DED8D0; transition-delay:80ms;\"><p>La empresa realizar\u00e1 una contribuci\u00f3n equivalente de 3% a los planes 401K de los empleados. Con frecuencia, la empresa tambi\u00e9n realiza una contribuci\u00f3n adicional anual discrecional de participaci\u00f3n en los beneficios (se aplican calendarios de adquisici\u00f3n de derechos).<\/p>\n<\/div>\n\n<div class=\"\" style=\"width:100%\">\n    <hr class=\"animate grow-right\"  \/>\n<\/div>\n\n<style>\n    #paragraph-6a01e65b8c4e8, #paragraph-6a01e65b8c4e8 p{\n        font-size: 16px;\n    }\n<\/style>\n<div id=\"paragraph-6a01e65b8c4e8\" class=\"epic-paragraph text-left  animate fade-up\" style=\"color: #DED8D0; transition-delay:80ms;\"><p>La empresa paga 100% de las primas del seguro dental de los empleados.<\/p>\n<\/div>\n\n<div class=\"\" style=\"width:100%\">\n    <hr class=\"animate grow-right\"  \/>\n<\/div>\n\n<style>\n    #paragraph-6a01e65b8c81d, #paragraph-6a01e65b8c81d p{\n        font-size: 16px;\n    }\n<\/style>\n<div id=\"paragraph-6a01e65b8c81d\" class=\"epic-paragraph text-left  animate fade-up\" style=\"color: #DED8D0; transition-delay:80ms;\"><p>La empresa ayuda a proteger a nuestros empleados contra los peores escenarios posibles ofreci\u00e9ndoles un seguro de vida pagado por la empresa 100%.<\/p>\n<\/div>\n\n<div class=\"\" style=\"width:100%\">\n    <hr class=\"animate grow-right\"  \/>\n<\/div>\n\n<style>\n    #paragraph-6a01e65b8cb97, #paragraph-6a01e65b8cb97 p{\n        font-size: 16px;\n    }\n<\/style>\n<div id=\"paragraph-6a01e65b8cb97\" class=\"epic-paragraph text-left  animate fade-up\" style=\"color: #DED8D0; transition-delay:80ms;\"><p>La empresa paga 100% por incapacidad a largo plazo como red de seguridad para cubrir a cualquier empleado que quede incapacitado y ya no pueda trabajar.<\/p>\n<\/div>\n\n<div class=\"\" style=\"width:100%\">\n    <hr class=\"animate grow-right\"  \/>\n<\/div>\n\n<style>\n    #paragraph-6a01e65b8cefd, #paragraph-6a01e65b8cefd p{\n        font-size: 16px;\n    }\n<\/style>\n<div id=\"paragraph-6a01e65b8cefd\" class=\"epic-paragraph text-left  animate fade-up\" style=\"color: #DED8D0; transition-delay:80ms;\"><p>La empresa ofrece Connect Care, una aplicaci\u00f3n gratuita de telesalud para quienes tienen el plan tradicional, de modo que los empleados puedan recibir atenci\u00f3n m\u00e9dica desde cualquier lugar donde haya WiFi, ya sea en su sala de estar o en su lugar de vacaciones favorito.<\/p>\n<\/div>\n\n<div class=\"\" style=\"width:100%\">\n    <hr class=\"animate grow-right\"  \/>\n<\/div>\n\n<style>\n    #paragraph-6a01e65b8d24d, #paragraph-6a01e65b8d24d p{\n        font-size: 16px;\n    }\n<\/style>\n<div id=\"paragraph-6a01e65b8d24d\" class=\"epic-paragraph text-left  animate fade-up\" style=\"color: #DED8D0; transition-delay:80ms;\"><p>En cada una de nuestras cinco ubicaciones hay salas de bienestar, duchas y guarder\u00eda para bicicletas.<\/p>\n<\/div>\n\n<div class=\"\" style=\"width:100%\">\n    <hr class=\"animate grow-right\"  \/>\n<\/div>\n\n<style>\n    #paragraph-6a01e65b8d609, #paragraph-6a01e65b8d609 p{\n        font-size: 16px;\n    }\n<\/style>\n<div id=\"paragraph-6a01e65b8d609\" class=\"epic-paragraph text-left  animate fade-up\" style=\"color: #DED8D0; transition-delay:80ms;\"><p>Cada oto\u00f1o se ofrecen cl\u00ednicas gratuitas para vacunarse contra la gripe.<\/p>\n<\/div>\n\n<div class=\"\" style=\"width:100%\">\n    <hr class=\"animate grow-right\"  \/>\n<\/div>\n\n<style>\n    #paragraph-6a01e65b8da92, #paragraph-6a01e65b8da92 p{\n        font-size: 16px;\n    }\n<\/style>\n<div id=\"paragraph-6a01e65b8da92\" class=\"epic-paragraph text-left  animate fade-up\" style=\"color: #DED8D0; transition-delay:80ms;\"><p>A trav\u00e9s de nuestra aseguradora, SelectHealth, la empresa ofrece recursos adicionales, como un programa de asistencia al empleado, ayuda para dejar de fumar y asesoramiento nutricional.<\/p>\n<\/div><\/div>\n<\/div>\n\n\n\n<div class=\"wp-block-group is-layout-constrained wp-block-group-is-layout-constrained\" style=\"padding-top:var(--wp--preset--spacing--80);padding-bottom:var(--wp--preset--spacing--80)\"><style>\n    #paragraph-6a01e65b8df57, #paragraph-6a01e65b8df57 p{\n        font-size: 16px;\n    }\n<\/style>\n<div id=\"paragraph-6a01e65b8df57\" class=\"epic-paragraph text-left  animate fade-up\" style=\"color: #DED8D0; transition-delay:80ms;\"><p><em>*Se aplican requisitos de elegibilidad.<\/em><\/p>\n<\/div><\/div>","protected":false},"excerpt":{"rendered":"","protected":false},"author":1,"featured_media":0,"parent":567,"menu_order":0,"comment_status":"closed","ping_status":"closed","template":"","meta":{"_acf_changed":false,"footnotes":""},"class_list":["post-705","page","type-page","status-publish","hentry"],"acf":[],"yoast_head":"<!-- This site is optimized with the Yoast SEO plugin v27.4 - https:\/\/yoast.com\/product\/yoast-seo-wordpress\/ -->\n<title>Benefits - Kirton McConkie<\/title>\n<meta name=\"robots\" content=\"index, follow, max-snippet:-1, max-image-preview:large, max-video-preview:-1\" \/>\n<link rel=\"canonical\" href=\"https:\/\/www.kirtonmcconkie.com\/es\/trabaja-con-nosotros\/benefits\/\" \/>\n<meta property=\"og:locale\" content=\"es_MX\" \/>\n<meta property=\"og:type\" content=\"article\" \/>\n<meta property=\"og:title\" content=\"Benefits - Kirton McConkie\" \/>\n<meta property=\"og:url\" content=\"https:\/\/www.kirtonmcconkie.com\/es\/trabaja-con-nosotros\/benefits\/\" \/>\n<meta property=\"og:site_name\" content=\"Kirton McConkie\" \/>\n<meta property=\"article:publisher\" content=\"https:\/\/www.facebook.com\/KirtonMcConkie\/\" \/>\n<meta property=\"article:modified_time\" content=\"2025-09-17T16:00:30+00:00\" \/>\n<meta property=\"og:image\" content=\"https:\/\/www.kirtonmcconkie.com\/wp-content\/uploads\/2025\/09\/KM_Building.png\" \/>\n\t<meta property=\"og:image:width\" content=\"1261\" \/>\n\t<meta property=\"og:image:height\" content=\"1185\" \/>\n\t<meta property=\"og:image:type\" content=\"image\/png\" \/>\n<meta name=\"twitter:card\" content=\"summary_large_image\" \/>\n<script type=\"application\/ld+json\" class=\"yoast-schema-graph\">{\"@context\":\"https:\\\/\\\/schema.org\",\"@graph\":[{\"@type\":\"WebPage\",\"@id\":\"https:\\\/\\\/www.kirtonmcconkie.com\\\/work-with-us\\\/benefits\\\/\",\"url\":\"https:\\\/\\\/www.kirtonmcconkie.com\\\/work-with-us\\\/benefits\\\/\",\"name\":\"Benefits - Kirton McConkie\",\"isPartOf\":{\"@id\":\"https:\\\/\\\/www.kirtonmcconkie.com\\\/#website\"},\"datePublished\":\"2025-06-02T23:17:00+00:00\",\"dateModified\":\"2025-09-17T16:00:30+00:00\",\"breadcrumb\":{\"@id\":\"https:\\\/\\\/www.kirtonmcconkie.com\\\/work-with-us\\\/benefits\\\/#breadcrumb\"},\"inLanguage\":\"es\",\"potentialAction\":[{\"@type\":\"ReadAction\",\"target\":[\"https:\\\/\\\/www.kirtonmcconkie.com\\\/work-with-us\\\/benefits\\\/\"]}]},{\"@type\":\"BreadcrumbList\",\"@id\":\"https:\\\/\\\/www.kirtonmcconkie.com\\\/work-with-us\\\/benefits\\\/#breadcrumb\",\"itemListElement\":[{\"@type\":\"ListItem\",\"position\":1,\"name\":\"Home\",\"item\":\"https:\\\/\\\/www.kirtonmcconkie.com\\\/\"},{\"@type\":\"ListItem\",\"position\":2,\"name\":\"Careers\",\"item\":\"https:\\\/\\\/www.kirtonmcconkie.com\\\/work-with-us\\\/\"},{\"@type\":\"ListItem\",\"position\":3,\"name\":\"Benefits\"}]},{\"@type\":\"WebSite\",\"@id\":\"https:\\\/\\\/www.kirtonmcconkie.com\\\/#website\",\"url\":\"https:\\\/\\\/www.kirtonmcconkie.com\\\/\",\"name\":\"Kirton McConkie | Full-Service Law Firm in Utah and Idaho\",\"description\":\"Utah\u2019s Top Multi-Service Law Firm\",\"publisher\":{\"@id\":\"https:\\\/\\\/www.kirtonmcconkie.com\\\/#organization\"},\"alternateName\":\"Attorneys in Utah and Idaho - Kirton McConkie\",\"potentialAction\":[{\"@type\":\"SearchAction\",\"target\":{\"@type\":\"EntryPoint\",\"urlTemplate\":\"https:\\\/\\\/www.kirtonmcconkie.com\\\/?s={search_term_string}\"},\"query-input\":{\"@type\":\"PropertyValueSpecification\",\"valueRequired\":true,\"valueName\":\"search_term_string\"}}],\"inLanguage\":\"es\"},{\"@type\":\"Organization\",\"@id\":\"https:\\\/\\\/www.kirtonmcconkie.com\\\/#organization\",\"name\":\"Kirton McConkie\",\"url\":\"https:\\\/\\\/www.kirtonmcconkie.com\\\/\",\"logo\":{\"@type\":\"ImageObject\",\"inLanguage\":\"es\",\"@id\":\"https:\\\/\\\/www.kirtonmcconkie.com\\\/#\\\/schema\\\/logo\\\/image\\\/\",\"url\":\"https:\\\/\\\/www.kirtonmcconkie.com\\\/wp-content\\\/uploads\\\/2025\\\/06\\\/KM-Logo-Blue-scaled.png\",\"contentUrl\":\"https:\\\/\\\/www.kirtonmcconkie.com\\\/wp-content\\\/uploads\\\/2025\\\/06\\\/KM-Logo-Blue-scaled.png\",\"width\":2560,\"height\":257,\"caption\":\"Kirton McConkie\"},\"image\":{\"@id\":\"https:\\\/\\\/www.kirtonmcconkie.com\\\/#\\\/schema\\\/logo\\\/image\\\/\"},\"sameAs\":[\"https:\\\/\\\/www.facebook.com\\\/KirtonMcConkie\\\/\",\"https:\\\/\\\/www.instagram.com\\\/kirtonmcconkie\\\/\",\"https:\\\/\\\/www.linkedin.com\\\/company\\\/kirton-mcconkie\"]}]}<\/script>\n<!-- \/ Yoast SEO plugin. -->","yoast_head_json":{"title":"Benefits - Kirton McConkie","robots":{"index":"index","follow":"follow","max-snippet":"max-snippet:-1","max-image-preview":"max-image-preview:large","max-video-preview":"max-video-preview:-1"},"canonical":"https:\/\/www.kirtonmcconkie.com\/es\/trabaja-con-nosotros\/benefits\/","og_locale":"es_MX","og_type":"article","og_title":"Benefits - Kirton McConkie","og_url":"https:\/\/www.kirtonmcconkie.com\/es\/trabaja-con-nosotros\/benefits\/","og_site_name":"Kirton McConkie","article_publisher":"https:\/\/www.facebook.com\/KirtonMcConkie\/","article_modified_time":"2025-09-17T16:00:30+00:00","og_image":[{"width":1261,"height":1185,"url":"https:\/\/www.kirtonmcconkie.com\/wp-content\/uploads\/2025\/09\/KM_Building.png","type":"image\/png"}],"twitter_card":"summary_large_image","schema":{"@context":"https:\/\/schema.org","@graph":[{"@type":"WebPage","@id":"https:\/\/www.kirtonmcconkie.com\/work-with-us\/benefits\/","url":"https:\/\/www.kirtonmcconkie.com\/work-with-us\/benefits\/","name":"Benefits - Kirton McConkie","isPartOf":{"@id":"https:\/\/www.kirtonmcconkie.com\/#website"},"datePublished":"2025-06-02T23:17:00+00:00","dateModified":"2025-09-17T16:00:30+00:00","breadcrumb":{"@id":"https:\/\/www.kirtonmcconkie.com\/work-with-us\/benefits\/#breadcrumb"},"inLanguage":"es","potentialAction":[{"@type":"ReadAction","target":["https:\/\/www.kirtonmcconkie.com\/work-with-us\/benefits\/"]}]},{"@type":"BreadcrumbList","@id":"https:\/\/www.kirtonmcconkie.com\/work-with-us\/benefits\/#breadcrumb","itemListElement":[{"@type":"ListItem","position":1,"name":"Home","item":"https:\/\/www.kirtonmcconkie.com\/"},{"@type":"ListItem","position":2,"name":"Careers","item":"https:\/\/www.kirtonmcconkie.com\/work-with-us\/"},{"@type":"ListItem","position":3,"name":"Benefits"}]},{"@type":"WebSite","@id":"https:\/\/www.kirtonmcconkie.com\/#website","url":"https:\/\/www.kirtonmcconkie.com\/","name":"Kirton McConkie | Bufete de abogados con servicios integrales en Utah e Idaho","description":"El mejor bufete de abogados multiservicio de Utah","publisher":{"@id":"https:\/\/www.kirtonmcconkie.com\/#organization"},"alternateName":"Attorneys in Utah and Idaho - Kirton McConkie","potentialAction":[{"@type":"SearchAction","target":{"@type":"EntryPoint","urlTemplate":"https:\/\/www.kirtonmcconkie.com\/?s={search_term_string}"},"query-input":{"@type":"PropertyValueSpecification","valueRequired":true,"valueName":"search_term_string"}}],"inLanguage":"es"},{"@type":"Organization","@id":"https:\/\/www.kirtonmcconkie.com\/#organization","name":"Kirton McConkie","url":"https:\/\/www.kirtonmcconkie.com\/","logo":{"@type":"ImageObject","inLanguage":"es","@id":"https:\/\/www.kirtonmcconkie.com\/#\/schema\/logo\/image\/","url":"https:\/\/www.kirtonmcconkie.com\/wp-content\/uploads\/2025\/06\/KM-Logo-Blue-scaled.png","contentUrl":"https:\/\/www.kirtonmcconkie.com\/wp-content\/uploads\/2025\/06\/KM-Logo-Blue-scaled.png","width":2560,"height":257,"caption":"Kirton McConkie"},"image":{"@id":"https:\/\/www.kirtonmcconkie.com\/#\/schema\/logo\/image\/"},"sameAs":["https:\/\/www.facebook.com\/KirtonMcConkie\/","https:\/\/www.instagram.com\/kirtonmcconkie\/","https:\/\/www.linkedin.com\/company\/kirton-mcconkie"]}]}},"_links":{"self":[{"href":"https:\/\/www.kirtonmcconkie.com\/es\/wp-json\/wp\/v2\/pages\/705","targetHints":{"allow":["GET"]}}],"collection":[{"href":"https:\/\/www.kirtonmcconkie.com\/es\/wp-json\/wp\/v2\/pages"}],"about":[{"href":"https:\/\/www.kirtonmcconkie.com\/es\/wp-json\/wp\/v2\/types\/page"}],"author":[{"embeddable":true,"href":"https:\/\/www.kirtonmcconkie.com\/es\/wp-json\/wp\/v2\/users\/1"}],"replies":[{"embeddable":true,"href":"https:\/\/www.kirtonmcconkie.com\/es\/wp-json\/wp\/v2\/comments?post=705"}],"version-history":[{"count":18,"href":"https:\/\/www.kirtonmcconkie.com\/es\/wp-json\/wp\/v2\/pages\/705\/revisions"}],"predecessor-version":[{"id":4110,"href":"https:\/\/www.kirtonmcconkie.com\/es\/wp-json\/wp\/v2\/pages\/705\/revisions\/4110"}],"up":[{"embeddable":true,"href":"https:\/\/www.kirtonmcconkie.com\/es\/wp-json\/wp\/v2\/pages\/567"}],"wp:attachment":[{"href":"https:\/\/www.kirtonmcconkie.com\/es\/wp-json\/wp\/v2\/media?parent=705"}],"curies":[{"name":"wp","href":"https:\/\/api.w.org\/{rel}","templated":true}]}}