{"id":567,"date":"2025-05-29T15:37:54","date_gmt":"2025-05-29T21:37:54","guid":{"rendered":"https:\/\/www.kirtonmcconkie.com\/km\/?page_id=567"},"modified":"2026-02-18T08:53:20","modified_gmt":"2026-02-18T15:53:20","slug":"trabaja-con-nosotros","status":"publish","type":"page","link":"https:\/\/www.kirtonmcconkie.com\/es\/work-with-us\/","title":{"rendered":"Empleos"},"content":{"rendered":"<style>\n    @media screen and (min-width: 768px) {\n        #hero-6a01d0be686ad .background-image  {\n            min-height: 500px;\n        }\n    }\n<\/style>\n\n<div id=\"hero-6a01d0be686ad\" class=\"epic-hero-banner  mb-30 mb-md-140\">\n        <div class=\"background-image  content-padding\" style=\"background-image: url(https:\/\/www.kirtonmcconkie.com\/wp-content\/uploads\/2025\/09\/km_25_kirton-mcconkie-building-utah-county-header.webp);justify-content: center; \">\n                                    <div class=\"content frame\" style=\"align-items: flex-start;\">\n                <h2 class=\"text h1 canela animate fade-up\" style=\"color: #000000\">\n                    Empleos                <\/h2>\n                            <\/div>\n                        <\/div>\n<\/div>\n\n\n\n<div class=\"wp-block-group mb-50 mb-md-100 is-layout-constrained wp-block-group-is-layout-constrained\">\n<div class=\"wp-block-group is-nowrap is-layout-flex wp-container-core-group-is-layout-7282bc14 wp-block-group-is-layout-flex\" style=\"padding-top:0;padding-right:0;padding-bottom:0;padding-left:0\"><div class=\"epic-button-wrapper text-left  animate fade-up mb-20\" style=\"transition-delay: 100ms; display: block;\">\n    <a class=\"epic-button\" href=\"https:\/\/kmclaw.isolvedhire.com\/jobs\/\" style=\"color: #DED8D0;\">VER PUESTOS VACANTES<\/a>\n<\/div>\n\n<div class=\"epic-button-wrapper text-left  animate fade-up\" style=\"transition-delay: 100ms; display: block;\">\n    <a class=\"epic-button\" href=\"https:\/\/www.kirtonmcconkie.com\/es\/work-with-us\/benefits\/\" style=\"color: #DED8D0;\">VER BENEFICIOS<\/a>\n<\/div><\/div>\n\n\n\n<h1 class=\"epic-heading h4 text-left animate fade-up metropolis  mb-60\" style=\"color:#ded8d0;transition-delay: 100ms;font-weight:200;\">\n    Carreras legales en Kirton McConkie: crezca con el mejor bufete de abogados de Utah.<\/h1>\n\n<style>\n    #paragraph-6a01d0be6d8ca, #paragraph-6a01d0be6d8ca p{\n        font-size: 20px;\n    }\n<\/style>\n<div id=\"paragraph-6a01d0be6d8ca\" class=\"epic-paragraph text-left  animate fade-up mb-60\" style=\"color: #DED8D0; transition-delay:80ms;\"><p>En Kirton McConkie, creemos que su carrera profesional debe ser tan din\u00e1mica y motivadora como usted mismo. Como uno de los principales bufetes de abogados de servicios integrales de la regi\u00f3n monta\u00f1osa del oeste de Estados Unidos, Kirton McConkie ofrece a sus empleados la oportunidad de trabajar junto a abogados de prestigio, atender a una clientela diversa y crecer en una cultura basada en la integridad, la colaboraci\u00f3n y la excelencia.<\/p>\n<p>&nbsp;<\/p>\n<p>Tanto si est\u00e1s iniciando tu carrera jur\u00eddica como si aportas a\u00f1os de experiencia en bufetes de abogados, en Kirton McConkie encontrar\u00e1s un lugar donde realizar un trabajo significativo, establecer relaciones duraderas y dar forma al futuro de tu carrera jur\u00eddica. Ofrecemos carreras jur\u00eddicas flexibles con tutor\u00edas, formaci\u00f3n y oportunidades de crecimiento profesional.<\/p>\n<p>&nbsp;<\/p>\n<p>Explora las vacantes disponibles y descubre lo que significa prosperar en Kirton McConkie.<\/p>\n<\/div>\n\n\n<div class=\"wp-block-group is-nowrap is-layout-flex wp-container-core-group-is-layout-7282bc14 wp-block-group-is-layout-flex\" style=\"padding-top:0;padding-right:0;padding-bottom:0;padding-left:0\"><div class=\"epic-button-wrapper text-left  animate fade-up mb-20\" style=\"transition-delay: 100ms; display: block;\">\n    <a class=\"epic-button\" href=\"https:\/\/kmclaw.isolvedhire.com\/jobs\/\" style=\"color: #DED8D0;\">VER PUESTOS VACANTES<\/a>\n<\/div>\n\n<div class=\"epic-button-wrapper text-left  animate fade-up\" style=\"transition-delay: 100ms; display: block;\">\n    <a class=\"epic-button\" href=\"https:\/\/www.kirtonmcconkie.com\/es\/work-with-us\/benefits\/\" style=\"color: #DED8D0;\">VER BENEFICIOS<\/a>\n<\/div><\/div>\n<\/div>\n\n\n<div class=\"container\" style=\"width:100%\">\n    <hr class=\"animate grow-right\"  \/>\n<\/div>\n\n\n<div class=\"wp-block-group mb-50 mb-md-100 is-layout-flow wp-block-group-is-layout-flow\">\n<div id=\"lateral-attorneys\" class=\"wp-block-group mt-50 mt-md-100 is-layout-constrained wp-block-group-is-layout-constrained\">\n<h5 class=\"epic-heading h5 text-left animate fade-up Metropolis  mb-30\" style=\"color:#DED8D0;transition-delay: 100ms;font-weight:300;\">\n    Abogados adjuntos<\/h5>\n\n<style>\n    #paragraph-6a01d0be6ed66, #paragraph-6a01d0be6ed66 p{\n        font-size: 16px;\n    }\n<\/style>\n<div id=\"paragraph-6a01d0be6ed66\" class=\"epic-paragraph text-left  animate fade-up mb-30 mb-md-60\" style=\"color: #DED8D0; transition-delay:80ms;\"><p>Como bufete de abogados l\u00edder en Utah, Kirton McConkie ofrece una plataforma diversa en la que los abogados pueden desarrollar su pr\u00e1ctica y aprovechar la solidez y las fortalezas del bufete. Gran parte del crecimiento del bufete se ha logrado gracias a los abogados que se han incorporado en busca de la combinaci\u00f3n \u00fanica de un ambiente estimulante y gratificante, desarrollo profesional, una remuneraci\u00f3n ventajosa y el compa\u00f1erismo que ofrece Kirton McConkie. Siempre buscamos incorporar abogados altamente calificados con una capacidad jur\u00eddica excepcional, una s\u00f3lida \u00e9tica de trabajo y el respeto ganado entre sus compa\u00f1eros, clientes y la comunidad. Es muy deseable contar con una buena cartera de clientes, a menos que tengamos una necesidad espec\u00edfica en un \u00e1rea concreta de pr\u00e1ctica.<\/p>\n<\/div>\n\n\n<div class=\"wp-block-group is-nowrap is-layout-flex wp-container-core-group-is-layout-c9a8b535 wp-block-group-is-layout-flex\" style=\"padding-top:0;padding-right:0;padding-bottom:0;padding-left:0\"><div class=\"epic-button-wrapper text-left  animate fade-up mb-20 mb-md-80\" style=\"transition-delay: 100ms; display: block;\">\n    <a class=\"epic-button\" href=\"https:\/\/www.kirtonmcconkie.com\/es\/careers\/lateral-attorneys\/\" style=\"color: #DED8D0;\">M\u00c1S INFORMACI\u00d3N<\/a>\n<\/div>\n\n<div class=\"epic-button-wrapper text-left  animate fade-up mb-30 mb-md-80\" style=\"transition-delay: 100ms; display: block;\">\n    <a class=\"epic-button\" href=\"https:\/\/kmclaw.isolvedhire.com\/jobs\/\" style=\"color: #DED8D0;\">VER PUESTOS VACANTES<\/a>\n<\/div><\/div>\n<\/div>\n\n\n\n<div class=\"wp-block-group wide-gap career-img-row-3 is-nowrap is-layout-flex wp-container-core-group-is-layout-ad2f72ca wp-block-group-is-layout-flex\">    \n    <style>\n        \n        \n            <\/style>\n\n\n    <div class=\"image-wrapper  animate fade-up\" id=\"image-6a01d0be7164b\" style=\"transition-delay: 80ms;\">\n        <img decoding=\"async\" class=\"custom-image h100\" src=\"https:\/\/www.kirtonmcconkie.com\/wp-content\/uploads\/2025\/07\/km_25_mentoring-young-employee.webp\" alt=\"\" \/>\n    <\/div>\n\n\n    \n    <style>\n        \n        \n            <\/style>\n\n\n    <div class=\"image-wrapper  animate fade-up  d-none d-md-inherit\" id=\"image-6a01d0be7299d\" style=\"transition-delay: 280ms;\">\n        <img decoding=\"async\" class=\"custom-image h100\" src=\"https:\/\/www.kirtonmcconkie.com\/wp-content\/uploads\/2025\/09\/km_25_happy-employees.webp\" alt=\"\" \/>\n    <\/div>\n\n\n    \n    <style>\n        \n        \n            <\/style>\n\n\n    <div class=\"image-wrapper  animate fade-up  d-none d-md-inherit\" id=\"image-6a01d0be73acf\" style=\"transition-delay: 480ms;\">\n        <img decoding=\"async\" class=\"custom-image h100\" src=\"https:\/\/www.kirtonmcconkie.com\/wp-content\/uploads\/2025\/09\/km_25_meeting-with-colleagues.webp\" alt=\"Tres abogados de Kirton McConkie debaten soluciones jur\u00eddicas en una mesa redonda.\" \/>\n    <\/div>\n<\/div>\n<\/div>\n\n\n<div class=\"container\" style=\"width:100%\">\n    <hr class=\"animate grow-right\"  \/>\n<\/div>\n\n\n<div class=\"wp-block-group mb-50 mb-lg-100 is-layout-flow wp-block-group-is-layout-flow\">\n<div id=\"associates\" class=\"wp-block-group mt-50 mt-md-100 is-layout-constrained wp-block-group-is-layout-constrained\">\n<h5 class=\"epic-heading h5 text-left animate fade-up Metropolis  mb-30\" style=\"color:#DED8D0;transition-delay: 100ms;font-weight:300;\">\n    Asociados<\/h5>\n\n<style>\n    #paragraph-6a01d0be746f2, #paragraph-6a01d0be746f2 p{\n        font-size: 16px;\n    }\n<\/style>\n<div id=\"paragraph-6a01d0be746f2\" class=\"epic-paragraph text-left  animate fade-up mb-30 mb-md-60\" style=\"color: #DED8D0; transition-delay:80ms;\"><p>Los asociados de Kirton McConkie aportan el m\u00e1s alto nivel de profesionalismo, intelecto y conocimiento de la ley. Ofrecemos un ambiente de trabajo colaborativo en el que nuestro objetivo es que cada asociado se convierta en accionista en el \u00e1rea del derecho que elija.<\/p>\n<\/div>\n\n\n<div class=\"wp-block-group is-nowrap is-layout-flex wp-container-core-group-is-layout-c9a8b535 wp-block-group-is-layout-flex\" style=\"padding-top:0;padding-right:0;padding-bottom:0;padding-left:0\"><div class=\"epic-button-wrapper text-left  animate fade-up mb-20 mb-md-80\" style=\"transition-delay: 100ms; display: block;\">\n    <a class=\"epic-button\" href=\"https:\/\/www.kirtonmcconkie.com\/es\/careers\/associates\/\" style=\"color: #DED8D0;\">M\u00c1S INFORMACI\u00d3N<\/a>\n<\/div>\n\n<div class=\"epic-button-wrapper text-left  animate fade-up mb-30 mb-md-80\" style=\"transition-delay: 100ms; display: block;\">\n    <a class=\"epic-button\" href=\"https:\/\/kmclaw.isolvedhire.com\/jobs\" style=\"color: #DED8D0;\">VER PUESTOS VACANTES<\/a>\n<\/div><\/div>\n<\/div>\n\n\n\n<div class=\"wp-block-group wide-gap career-img-row-1 is-nowrap is-layout-flex wp-container-core-group-is-layout-ad2f72ca wp-block-group-is-layout-flex\">    \n    <style>\n        \n        \n            <\/style>\n\n\n    <div class=\"image-wrapper  animate fade-up\" id=\"image-6a01d0be76557\" style=\"transition-delay: 180ms;\">\n        <img decoding=\"async\" class=\"custom-image h100\" src=\"https:\/\/www.kirtonmcconkie.com\/wp-content\/uploads\/2025\/09\/km_25_three-attorneys-walking-1.webp\" alt=\"\" \/>\n    <\/div>\n<\/div>\n<\/div>\n\n\n<div class=\"container\" style=\"width:100%\">\n    <hr class=\"animate grow-right\"  \/>\n<\/div>\n\n\n<div id=\"summer-associates\" class=\"wp-block-group mt-50 mt-lg-100 is-layout-constrained wp-block-group-is-layout-constrained\">\n<div class=\"wp-block-columns is-layout-flex wp-container-core-columns-is-layout-9d6595d7 wp-block-columns-is-layout-flex\">\n<div class=\"wp-block-column is-layout-flow wp-block-column-is-layout-flow\" style=\"flex-basis:12%\"><\/div>\n\n\n\n<div class=\"wp-block-column is-layout-flow wp-block-column-is-layout-flow\">\n<h2 class=\"epic-heading h2 text-left animate fade-right canela larger text-center text-md-left\" style=\"color:#ded8d0;transition-delay: 100ms;font-weight:200;\">\n    Comience su carrera jur\u00eddica<\/h2><\/div>\n<\/div>\n\n\n\n<div class=\"wp-block-columns is-not-stacked-on-mobile is-layout-flex wp-container-core-columns-is-layout-9d6595d7 wp-block-columns-is-layout-flex\">\n<div class=\"wp-block-column d-flex is-layout-flow wp-block-column-is-layout-flow\" style=\"flex-basis:42%\"><\/div>\n\n\n\n<div class=\"wp-block-column is-layout-flow wp-block-column-is-layout-flow\">\n<h2 class=\"epic-heading h2 text-left animate fade-left canela larger pl-80 pl-md-0 text-center text-md-left mb-60 mb-md-100\" style=\"color:#ded8d0;transition-delay: 100ms;font-weight:200;\">\n    con prop\u00f3sito<\/h2><\/div>\n<\/div>\n<\/div>\n\n\n\n<div class=\"wp-block-group mb-50 mb-md-100 is-layout-flow wp-block-group-is-layout-flow\">\n<div class=\"wp-block-group is-layout-constrained wp-block-group-is-layout-constrained\">\n<h5 class=\"epic-heading h5 text-left animate fade-up Metropolis  mb-30\" style=\"color:#DED8D0;transition-delay: 100ms;font-weight:300;\">\n    Asociados de verano<\/h5>\n\n<style>\n    #paragraph-6a01d0be78123, #paragraph-6a01d0be78123 p{\n        font-size: 16px;\n    }\n<\/style>\n<div id=\"paragraph-6a01d0be78123\" class=\"epic-paragraph text-left  animate fade-up mb-30 mb-md-60\" style=\"color: #DED8D0; transition-delay:80ms;\"><p>Kirton McConkie busca contratar asociados de verano que sean din\u00e1micos, brillantes, talentosos y en\u00e9rgicos. Contratamos asociados de verano con la esperanza y la expectativa de que, si tienen un buen desempe\u00f1o, calificar\u00e1n para una carrera profesional a largo plazo. Los asociados de verano de Kirton McConkie suelen estar entre los 10% mejores de su clase en la facultad de derecho. Tambi\u00e9n tenemos en cuenta caracter\u00edsticas individuales, como la integridad, la capacidad de liderazgo, la excelencia en las habilidades escritas y verbales, y la participaci\u00f3n en actividades extracurriculares. Nuestro comit\u00e9 de contrataci\u00f3n revisa los curr\u00edculos de los estudiantes de derecho y realiza entrevistas en el campus. Puede enviar su curr\u00edculo por correo electr\u00f3nico a resume@kmclaw.com.<\/p>\n<\/div>\n\n\n<div class=\"wp-block-group is-nowrap is-layout-flex wp-container-core-group-is-layout-c9a8b535 wp-block-group-is-layout-flex\" style=\"padding-top:0;padding-right:0;padding-bottom:0;padding-left:0\"><div class=\"epic-button-wrapper text-left  animate fade-up mb-20 mb-md-80\" style=\"transition-delay: 100ms; display: block;\">\n    <a class=\"epic-button\" href=\"https:\/\/www.kirtonmcconkie.com\/es\/careers\/summer-associates\/\" style=\"color: #DED8D0;\">M\u00c1S INFORMACI\u00d3N<\/a>\n<\/div>\n\n<div class=\"epic-button-wrapper text-left  animate fade-up mb-30 mb-md-80\" style=\"transition-delay: 100ms; display: block;\">\n    <a class=\"epic-button\" href=\"https:\/\/kmclaw.isolvedhire.com\/jobs\/\" style=\"color: #DED8D0;\">VER PUESTOS VACANTES<\/a>\n<\/div><\/div>\n<\/div>\n\n\n\n<div class=\"wp-block-group wide-gap career-img-row-3 is-nowrap is-layout-flex wp-container-core-group-is-layout-ad2f72ca wp-block-group-is-layout-flex\">    \n    <style>\n        \n        \n            <\/style>\n\n\n    <div class=\"image-wrapper  animate fade-up\" id=\"image-6a01d0be7a26d\" style=\"transition-delay: 80ms;\">\n        <img decoding=\"async\" class=\"custom-image h100\" src=\"https:\/\/www.kirtonmcconkie.com\/wp-content\/uploads\/2025\/07\/km_25_two-women-laughing.webp\" alt=\"\" \/>\n    <\/div>\n\n\n    \n    <style>\n        \n        \n            <\/style>\n\n\n    <div class=\"image-wrapper  animate fade-up  d-none d-md-inherit\" id=\"image-6a01d0be7c353\" style=\"transition-delay: 280ms;\">\n        <img decoding=\"async\" class=\"custom-image h100\" src=\"https:\/\/www.kirtonmcconkie.com\/wp-content\/uploads\/2025\/07\/km_25_coworkers-in-breakroom.webp\" alt=\"\" \/>\n    <\/div>\n\n\n    \n    <style>\n        \n        \n            <\/style>\n\n\n    <div class=\"image-wrapper  animate fade-up  d-none d-md-inherit\" id=\"image-6a01d0be7d681\" style=\"transition-delay: 480ms;\">\n        <img decoding=\"async\" class=\"custom-image h100\" src=\"https:\/\/www.kirtonmcconkie.com\/wp-content\/uploads\/2025\/07\/km_25_employees-helping-each-other.webp\" alt=\"\" \/>\n    <\/div>\n<\/div>\n<\/div>\n\n\n<div class=\"container\" style=\"width:100%\">\n    <hr class=\"animate grow-right\"  \/>\n<\/div>\n\n\n<div class=\"wp-block-group is-layout-flow wp-block-group-is-layout-flow\">\n<div id=\"administrative-staff\" class=\"wp-block-group mt-50 mt-md-100 is-layout-constrained wp-block-group-is-layout-constrained\">\n<h5 class=\"epic-heading h5 text-left animate fade-up Metropolis  mb-30\" style=\"color:#DED8D0;transition-delay: 100ms;font-weight:300;\">\n    Personal administrativo<\/h5>\n\n<style>\n    #paragraph-6a01d0be7eb2b, #paragraph-6a01d0be7eb2b p{\n        font-size: 16px;\n    }\n<\/style>\n<div id=\"paragraph-6a01d0be7eb2b\" class=\"epic-paragraph text-left  animate fade-up mb-30 mb-md-60\" style=\"color: #DED8D0; transition-delay:80ms;\"><p>Sabemos que el compromiso diario de nuestro personal administrativo es lo que hace que el negocio legal sea tan exitoso. Kirton McConkie ofrece un hermoso espacio de oficina, un ambiente de trabajo orientado al equipo y varios beneficios para nuestro personal administrativo.<\/p>\n<\/div>\n\n\n<div class=\"wp-block-group is-nowrap is-layout-flex wp-container-core-group-is-layout-c9a8b535 wp-block-group-is-layout-flex\" style=\"padding-top:0;padding-right:0;padding-bottom:0;padding-left:0\"><div class=\"epic-button-wrapper text-left  animate fade-up mb-20 mb-md-80\" style=\"transition-delay: 100ms; display: block;\">\n    <a class=\"epic-button\" href=\"https:\/\/www.kirtonmcconkie.com\/es\/careers\/administrative-staff\/\" style=\"color: #DED8D0;\">M\u00c1S INFORMACI\u00d3N<\/a>\n<\/div>\n\n<div class=\"epic-button-wrapper text-left  animate fade-up mb-30 mb-md-80\" style=\"transition-delay: 100ms; display: block;\">\n    <a class=\"epic-button\" href=\"https:\/\/kmclaw.isolvedhire.com\/jobs\/\" style=\"color: #DED8D0;\">VER PUESTOS VACANTES<\/a>\n<\/div><\/div>\n<\/div>\n\n\n\n<div class=\"wp-block-group wide-gap career-img-row-1 is-nowrap is-layout-flex wp-container-core-group-is-layout-ad2f72ca wp-block-group-is-layout-flex\">    \n    <style>\n        \n        \n            <\/style>\n\n\n    <div class=\"image-wrapper  animate fade-up\" id=\"image-6a01d0be81727\" style=\"transition-delay: 80ms;\">\n        <img decoding=\"async\" class=\"custom-image h100\" src=\"https:\/\/www.kirtonmcconkie.com\/wp-content\/uploads\/2025\/07\/km_25_women-in-lobby.webp\" alt=\"\" \/>\n    <\/div>\n<\/div>\n<\/div>\n\n\n\n<div class=\"wp-block-group is-layout-constrained wp-block-group-is-layout-constrained\" style=\"padding-top:0;padding-bottom:0\">\n<div class=\"wp-block-group career-logo d-flex my-50 my-md-160 is-nowrap is-layout-flex wp-container-core-group-is-layout-ad2f72ca wp-block-group-is-layout-flex\">    \n    <style>\n        \n        \n            <\/style>\n\n\n    <div class=\"image-wrapper  animate fade-up\" id=\"image-6a01d0be82d3b\" style=\"transition-delay: 80ms;\">\n        <img decoding=\"async\" class=\"custom-image h100\" src=\"https:\/\/www.kirtonmcconkie.com\/wp-content\/uploads\/2025\/06\/100-Businesses-Seal_DarkBlue-1.png\" alt=\"\" \/>\n    <\/div>\n\n\n    \n    <style>\n        \n        \n            <\/style>\n\n\n    <div class=\"image-wrapper  animate fade-up\" id=\"image-6a01d0be84d6f\" style=\"transition-delay: 80ms;\">\n        <img decoding=\"async\" class=\"custom-image h100\" src=\"https:\/\/www.kirtonmcconkie.com\/wp-content\/uploads\/2025\/06\/TWP_Salt_Lake_2023-1.png\" alt=\"\" \/>\n    <\/div>\n<\/div>\n\n\n\n<style>\n.career-logo img{width: 180px}\n<\/style>\n<\/div>","protected":false},"excerpt":{"rendered":"","protected":false},"author":1,"featured_media":0,"parent":0,"menu_order":0,"comment_status":"closed","ping_status":"closed","template":"","meta":{"_acf_changed":false,"footnotes":""},"class_list":["post-567","page","type-page","status-publish","hentry"],"acf":[],"yoast_head":"<!-- This site is optimized with the Yoast SEO plugin v27.4 - https:\/\/yoast.com\/product\/yoast-seo-wordpress\/ -->\n<title>Careers - Kirton McConkie<\/title>\n<meta name=\"robots\" content=\"index, follow, max-snippet:-1, max-image-preview:large, max-video-preview:-1\" \/>\n<link rel=\"canonical\" href=\"https:\/\/www.kirtonmcconkie.com\/es\/trabaja-con-nosotros\/\" \/>\n<meta property=\"og:locale\" content=\"es_MX\" \/>\n<meta property=\"og:type\" content=\"article\" \/>\n<meta property=\"og:title\" content=\"Careers - Kirton McConkie\" \/>\n<meta property=\"og:url\" content=\"https:\/\/www.kirtonmcconkie.com\/es\/trabaja-con-nosotros\/\" \/>\n<meta property=\"og:site_name\" content=\"Kirton McConkie\" \/>\n<meta property=\"article:publisher\" content=\"https:\/\/www.facebook.com\/KirtonMcConkie\/\" \/>\n<meta property=\"article:modified_time\" content=\"2026-02-18T15:53:20+00:00\" \/>\n<meta property=\"og:image\" content=\"https:\/\/www.kirtonmcconkie.com\/wp-content\/uploads\/2025\/09\/KM_Building.png\" \/>\n\t<meta property=\"og:image:width\" content=\"1261\" \/>\n\t<meta property=\"og:image:height\" content=\"1185\" \/>\n\t<meta property=\"og:image:type\" content=\"image\/png\" \/>\n<meta name=\"twitter:card\" content=\"summary_large_image\" \/>\n<script type=\"application\/ld+json\" class=\"yoast-schema-graph\">{\"@context\":\"https:\\\/\\\/schema.org\",\"@graph\":[{\"@type\":\"WebPage\",\"@id\":\"https:\\\/\\\/www.kirtonmcconkie.com\\\/work-with-us\\\/\",\"url\":\"https:\\\/\\\/www.kirtonmcconkie.com\\\/work-with-us\\\/\",\"name\":\"Careers - Kirton McConkie\",\"isPartOf\":{\"@id\":\"https:\\\/\\\/www.kirtonmcconkie.com\\\/#website\"},\"datePublished\":\"2025-05-29T21:37:54+00:00\",\"dateModified\":\"2026-02-18T15:53:20+00:00\",\"breadcrumb\":{\"@id\":\"https:\\\/\\\/www.kirtonmcconkie.com\\\/work-with-us\\\/#breadcrumb\"},\"inLanguage\":\"es\",\"potentialAction\":[{\"@type\":\"ReadAction\",\"target\":[\"https:\\\/\\\/www.kirtonmcconkie.com\\\/work-with-us\\\/\"]}]},{\"@type\":\"BreadcrumbList\",\"@id\":\"https:\\\/\\\/www.kirtonmcconkie.com\\\/work-with-us\\\/#breadcrumb\",\"itemListElement\":[{\"@type\":\"ListItem\",\"position\":1,\"name\":\"Home\",\"item\":\"https:\\\/\\\/www.kirtonmcconkie.com\\\/\"},{\"@type\":\"ListItem\",\"position\":2,\"name\":\"Careers\"}]},{\"@type\":\"WebSite\",\"@id\":\"https:\\\/\\\/www.kirtonmcconkie.com\\\/#website\",\"url\":\"https:\\\/\\\/www.kirtonmcconkie.com\\\/\",\"name\":\"Kirton McConkie | Full-Service Law Firm in Utah and Idaho\",\"description\":\"Utah\u2019s Top Multi-Service Law Firm\",\"publisher\":{\"@id\":\"https:\\\/\\\/www.kirtonmcconkie.com\\\/#organization\"},\"alternateName\":\"Attorneys in Utah and Idaho - Kirton McConkie\",\"potentialAction\":[{\"@type\":\"SearchAction\",\"target\":{\"@type\":\"EntryPoint\",\"urlTemplate\":\"https:\\\/\\\/www.kirtonmcconkie.com\\\/?s={search_term_string}\"},\"query-input\":{\"@type\":\"PropertyValueSpecification\",\"valueRequired\":true,\"valueName\":\"search_term_string\"}}],\"inLanguage\":\"es\"},{\"@type\":\"Organization\",\"@id\":\"https:\\\/\\\/www.kirtonmcconkie.com\\\/#organization\",\"name\":\"Kirton McConkie\",\"url\":\"https:\\\/\\\/www.kirtonmcconkie.com\\\/\",\"logo\":{\"@type\":\"ImageObject\",\"inLanguage\":\"es\",\"@id\":\"https:\\\/\\\/www.kirtonmcconkie.com\\\/#\\\/schema\\\/logo\\\/image\\\/\",\"url\":\"https:\\\/\\\/www.kirtonmcconkie.com\\\/wp-content\\\/uploads\\\/2025\\\/06\\\/KM-Logo-Blue-scaled.png\",\"contentUrl\":\"https:\\\/\\\/www.kirtonmcconkie.com\\\/wp-content\\\/uploads\\\/2025\\\/06\\\/KM-Logo-Blue-scaled.png\",\"width\":2560,\"height\":257,\"caption\":\"Kirton McConkie\"},\"image\":{\"@id\":\"https:\\\/\\\/www.kirtonmcconkie.com\\\/#\\\/schema\\\/logo\\\/image\\\/\"},\"sameAs\":[\"https:\\\/\\\/www.facebook.com\\\/KirtonMcConkie\\\/\",\"https:\\\/\\\/www.instagram.com\\\/kirtonmcconkie\\\/\",\"https:\\\/\\\/www.linkedin.com\\\/company\\\/kirton-mcconkie\"]}]}<\/script>\n<!-- \/ Yoast SEO plugin. -->","yoast_head_json":{"title":"Oportunidades profesionales - Kirton McConkie","robots":{"index":"index","follow":"follow","max-snippet":"max-snippet:-1","max-image-preview":"max-image-preview:large","max-video-preview":"max-video-preview:-1"},"canonical":"https:\/\/www.kirtonmcconkie.com\/es\/trabaja-con-nosotros\/","og_locale":"es_MX","og_type":"article","og_title":"Careers - Kirton McConkie","og_url":"https:\/\/www.kirtonmcconkie.com\/es\/trabaja-con-nosotros\/","og_site_name":"Kirton McConkie","article_publisher":"https:\/\/www.facebook.com\/KirtonMcConkie\/","article_modified_time":"2026-02-18T15:53:20+00:00","og_image":[{"width":1261,"height":1185,"url":"https:\/\/www.kirtonmcconkie.com\/wp-content\/uploads\/2025\/09\/KM_Building.png","type":"image\/png"}],"twitter_card":"summary_large_image","schema":{"@context":"https:\/\/schema.org","@graph":[{"@type":"WebPage","@id":"https:\/\/www.kirtonmcconkie.com\/work-with-us\/","url":"https:\/\/www.kirtonmcconkie.com\/work-with-us\/","name":"Oportunidades profesionales - Kirton McConkie","isPartOf":{"@id":"https:\/\/www.kirtonmcconkie.com\/#website"},"datePublished":"2025-05-29T21:37:54+00:00","dateModified":"2026-02-18T15:53:20+00:00","breadcrumb":{"@id":"https:\/\/www.kirtonmcconkie.com\/work-with-us\/#breadcrumb"},"inLanguage":"es","potentialAction":[{"@type":"ReadAction","target":["https:\/\/www.kirtonmcconkie.com\/work-with-us\/"]}]},{"@type":"BreadcrumbList","@id":"https:\/\/www.kirtonmcconkie.com\/work-with-us\/#breadcrumb","itemListElement":[{"@type":"ListItem","position":1,"name":"Home","item":"https:\/\/www.kirtonmcconkie.com\/"},{"@type":"ListItem","position":2,"name":"Careers"}]},{"@type":"WebSite","@id":"https:\/\/www.kirtonmcconkie.com\/#website","url":"https:\/\/www.kirtonmcconkie.com\/","name":"Kirton McConkie | Bufete de abogados con servicios integrales en Utah e Idaho","description":"El mejor bufete de abogados multiservicio de Utah","publisher":{"@id":"https:\/\/www.kirtonmcconkie.com\/#organization"},"alternateName":"Attorneys in Utah and Idaho - Kirton McConkie","potentialAction":[{"@type":"SearchAction","target":{"@type":"EntryPoint","urlTemplate":"https:\/\/www.kirtonmcconkie.com\/?s={search_term_string}"},"query-input":{"@type":"PropertyValueSpecification","valueRequired":true,"valueName":"search_term_string"}}],"inLanguage":"es"},{"@type":"Organization","@id":"https:\/\/www.kirtonmcconkie.com\/#organization","name":"Kirton McConkie","url":"https:\/\/www.kirtonmcconkie.com\/","logo":{"@type":"ImageObject","inLanguage":"es","@id":"https:\/\/www.kirtonmcconkie.com\/#\/schema\/logo\/image\/","url":"https:\/\/www.kirtonmcconkie.com\/wp-content\/uploads\/2025\/06\/KM-Logo-Blue-scaled.png","contentUrl":"https:\/\/www.kirtonmcconkie.com\/wp-content\/uploads\/2025\/06\/KM-Logo-Blue-scaled.png","width":2560,"height":257,"caption":"Kirton McConkie"},"image":{"@id":"https:\/\/www.kirtonmcconkie.com\/#\/schema\/logo\/image\/"},"sameAs":["https:\/\/www.facebook.com\/KirtonMcConkie\/","https:\/\/www.instagram.com\/kirtonmcconkie\/","https:\/\/www.linkedin.com\/company\/kirton-mcconkie"]}]}},"_links":{"self":[{"href":"https:\/\/www.kirtonmcconkie.com\/es\/wp-json\/wp\/v2\/pages\/567","targetHints":{"allow":["GET"]}}],"collection":[{"href":"https:\/\/www.kirtonmcconkie.com\/es\/wp-json\/wp\/v2\/pages"}],"about":[{"href":"https:\/\/www.kirtonmcconkie.com\/es\/wp-json\/wp\/v2\/types\/page"}],"author":[{"embeddable":true,"href":"https:\/\/www.kirtonmcconkie.com\/es\/wp-json\/wp\/v2\/users\/1"}],"replies":[{"embeddable":true,"href":"https:\/\/www.kirtonmcconkie.com\/es\/wp-json\/wp\/v2\/comments?post=567"}],"version-history":[{"count":127,"href":"https:\/\/www.kirtonmcconkie.com\/es\/wp-json\/wp\/v2\/pages\/567\/revisions"}],"predecessor-version":[{"id":5373,"href":"https:\/\/www.kirtonmcconkie.com\/es\/wp-json\/wp\/v2\/pages\/567\/revisions\/5373"}],"wp:attachment":[{"href":"https:\/\/www.kirtonmcconkie.com\/es\/wp-json\/wp\/v2\/media?parent=567"}],"curies":[{"name":"wp","href":"https:\/\/api.w.org\/{rel}","templated":true}]}}